{"id":195,"date":"2019-10-30T04:15:49","date_gmt":"2019-10-30T04:15:49","guid":{"rendered":"http:\/\/motorstest.loc\/?page_id=195"},"modified":"2025-05-08T10:01:46","modified_gmt":"2025-05-08T08:01:46","slug":"about-us","status":"publish","type":"page","link":"https:\/\/malfix-cars.com\/de\/ueber-uns\/","title":{"rendered":"\u00dcber Uns"},"content":{"rendered":"<div class=\"wpb-content-wrapper\"><p>[vc_row css=&#8221;.vc_custom_1572431318432{margin-right: 0px !important;margin-left: 0px !important;}&#8221;][vc_column width=&#8221;1\/2&#8243; css=&#8221;.vc_custom_1572428413505{padding-right: 12px !important;padding-left: 12px !important;}&#8221;][vc_single_image image=&#8221;490&#8243; img_size=&#8221;full&#8221;][vc_column_text]<\/p>\n<p class=\"txteditP\"><strong>Telefon:<\/strong><br \/>\n+387 66 308 008<\/p>\n<p class=\"txteditP\"><strong>Adresse:<\/strong><br \/>\nKralja Nikole 12, 78000 Banja Luka<\/p>\n<p class=\"txteditP\"><strong>Usere Arbeitszeiten:<\/strong><br \/>\nMontag &#8211; Sonntag 08-23h<\/p>\n<p class=\"txteditP\">Sie k\u00f6nnen uns auch per E-Mail kontaktieren:<\/p>\n<p><a href=\"mailto:info@malfix-cars.com\">info@malfix-cars.com<\/a><\/p>\n<p class=\"txteditP\">Bestm\u00f6gliche Bedingungen f\u00fcr die Anmietung eines Autos in Banja Luka. Gro\u00dfe Auswahl an Pkw f\u00fcr maximalen Fahrkomfort. Ihr zuverl\u00e4ssiger Partner, wenn Sie ein Auto mieten m\u00f6chten.<\/p>\n<p>[\/vc_column_text][\/vc_column][vc_column width=&#8221;1\/2&#8243;][vc_column_text css=&#8221;.vc_custom_1704453763415{margin-top: 78px !important;margin-bottom: 54px !important;}&#8221;]<\/p>\n<p style=\"text-align: center; font-size: 48px; font-weight: 400; line-height: 54px;\">MalFix Cars<\/p>\n<p>[\/vc_column_text][vc_column_text css=&#8221;.vc_custom_1704454195829{margin-top: 60px !important;}&#8221;]Wir bieten Ihnen sehr komfortable Fahrzeuge mit guter Leistung an, die Ihren Anforderungen an die Verkehrssicherheit gerecht werden. Fahrzeuge, die an den Stadtverkehr angepasst sind, mit einer kleineren oder gr\u00f6\u00dferen Anzahl von Passagieren sowie solche \u00fcber l\u00e4ngere Strecken, werden Ihre Erwartungen erf\u00fcllen.<\/p>\n<p>Je nach Bedarf k\u00f6nnen Sie w\u00e4hlen:<\/p>\n<p>&#8211; Passagierfahrzeuge<br \/>\n&#8211; Fahrzeuge mit Fahrer<\/p>\n<p>Mit regelm\u00e4\u00dfigem Service sorgen wir daf\u00fcr, dass unsere Fahrzeuge immer in einem guten Zustand sind und bieten unseren Kunden maximalen Komfort. Die perfekte Wahl f\u00fcr Gesch\u00e4ftsleute, Familien mit kleinen Kindern, Touristen und Abenteurer. Mieten Sie eine Autoagentur, die Ihren Bed\u00fcrfnissen entspricht und auf alle Ihre Anfragen eingeht.<\/p>\n<p>Es besteht die M\u00f6glichkeit eines Sonderrabatts f\u00fcr einen l\u00e4ngeren Zeitraum der Autovermietung.[\/vc_column_text][\/vc_column][\/vc_row]<\/p>\n<\/div>","protected":false},"excerpt":{"rendered":"<p>[vc_row css=&#8221;.vc_custom_1572431318432{margin-right: 0px !important;margin-left: 0px !important;}&#8221;][vc_column width=&#8221;1\/2&#8243; css=&#8221;.vc_custom_1572428413505{padding-right: 12px !important;padding-left: 12px !important;}&#8221;][vc_single_image image=&#8221;490&#8243; img_size=&#8221;full&#8221;][vc_column_text] Telefon: +387 66 308 008 Adresse: Kralja Nikole 12, 78000 Banja Luka Usere Arbeitszeiten: Montag &#8211; Sonntag 08-23h Sie k\u00f6nnen uns auch per E-Mail kontaktieren: info@malfix-cars.com Bestm\u00f6gliche Bedingungen f\u00fcr die Anmietung eines Autos in Banja Luka. Gro\u00dfe Auswahl an Pkw f\u00fcr&#8230;<\/p>\n","protected":false},"author":1,"featured_media":0,"parent":0,"menu_order":0,"comment_status":"closed","ping_status":"closed","template":"","meta":{"inline_featured_image":false,"footnotes":""},"class_list":["post-195","page","type-page","status-publish","hentry"],"yoast_head":"<!-- This site is optimized with the Yoast SEO plugin v27.3 - https:\/\/yoast.com\/product\/yoast-seo-wordpress\/ -->\n<title>\u00dcber Uns - MalFix Cars, Rent a Car Banja Luka<\/title>\n<meta name=\"robots\" content=\"index, follow, max-snippet:-1, max-image-preview:large, max-video-preview:-1\" \/>\n<link rel=\"canonical\" href=\"https:\/\/malfix-cars.com\/de\/o-nama\/\" \/>\n<meta property=\"og:locale\" content=\"de_DE\" \/>\n<meta property=\"og:type\" content=\"article\" \/>\n<meta property=\"og:title\" content=\"\u00dcber Uns - MalFix Cars, Rent a Car Banja Luka\" \/>\n<meta property=\"og:description\" content=\"[vc_row css=&#8221;.vc_custom_1572431318432{margin-right: 0px !important;margin-left: 0px !important;}&#8221;][vc_column width=&#8221;1\/2&#8243; css=&#8221;.vc_custom_1572428413505{padding-right: 12px !important;padding-left: 12px !important;}&#8221;][vc_single_image image=&#8221;490&#8243; img_size=&#8221;full&#8221;][vc_column_text] Telefon: +387 66 308 008 Adresse: Kralja Nikole 12, 78000 Banja Luka Usere Arbeitszeiten: Montag &#8211; Sonntag 08-23h Sie k\u00f6nnen uns auch per E-Mail kontaktieren: info@malfix-cars.com Bestm\u00f6gliche Bedingungen f\u00fcr die Anmietung eines Autos in Banja Luka. Gro\u00dfe Auswahl an Pkw f\u00fcr...\" \/>\n<meta property=\"og:url\" content=\"https:\/\/malfix-cars.com\/de\/o-nama\/\" \/>\n<meta property=\"og:site_name\" content=\"MalFix Cars, Rent a Car Banja Luka\" \/>\n<meta property=\"article:modified_time\" content=\"2025-05-08T08:01:46+00:00\" \/>\n<meta name=\"twitter:card\" content=\"summary_large_image\" \/>\n<meta name=\"twitter:label1\" content=\"Gesch\u00e4tzte Lesezeit\" \/>\n\t<meta name=\"twitter:data1\" content=\"2\u00a0Minuten\" \/>\n<script type=\"application\/ld+json\" class=\"yoast-schema-graph\">{\"@context\":\"https:\\\/\\\/schema.org\",\"@graph\":[{\"@type\":\"WebPage\",\"@id\":\"https:\\\/\\\/malfix-cars.com\\\/de\\\/o-nama\\\/\",\"url\":\"https:\\\/\\\/malfix-cars.com\\\/de\\\/o-nama\\\/\",\"name\":\"\u00dcber Uns - MalFix Cars, Rent a Car Banja Luka\",\"isPartOf\":{\"@id\":\"https:\\\/\\\/malfix-cars.com\\\/de\\\/#website\"},\"datePublished\":\"2019-10-30T04:15:49+00:00\",\"dateModified\":\"2025-05-08T08:01:46+00:00\",\"breadcrumb\":{\"@id\":\"https:\\\/\\\/malfix-cars.com\\\/de\\\/o-nama\\\/#breadcrumb\"},\"inLanguage\":\"de\",\"potentialAction\":[{\"@type\":\"ReadAction\",\"target\":[[\"https:\\\/\\\/malfix-cars.com\\\/de\\\/o-nama\\\/\"]]}]},{\"@type\":\"BreadcrumbList\",\"@id\":\"https:\\\/\\\/malfix-cars.com\\\/de\\\/o-nama\\\/#breadcrumb\",\"itemListElement\":[{\"@type\":\"ListItem\",\"position\":1,\"name\":\"Home\",\"item\":\"https:\\\/\\\/malfix-cars.com\\\/de\\\/\"},{\"@type\":\"ListItem\",\"position\":2,\"name\":\"O Nama\"}]},{\"@type\":\"WebSite\",\"@id\":\"https:\\\/\\\/malfix-cars.com\\\/de\\\/#website\",\"url\":\"https:\\\/\\\/malfix-cars.com\\\/de\\\/\",\"name\":\"MalFix Cars, Rent a Car Banja Luka\",\"description\":\"\",\"publisher\":{\"@id\":\"https:\\\/\\\/malfix-cars.com\\\/de\\\/#organization\"},\"potentialAction\":[{\"@type\":\"SearchAction\",\"target\":{\"@type\":\"EntryPoint\",\"urlTemplate\":\"https:\\\/\\\/malfix-cars.com\\\/de\\\/?s={search_term_string}\"},\"query-input\":{\"@type\":\"PropertyValueSpecification\",\"valueRequired\":true,\"valueName\":\"search_term_string\"}}],\"inLanguage\":\"de\"},{\"@type\":\"Organization\",\"@id\":\"https:\\\/\\\/malfix-cars.com\\\/de\\\/#organization\",\"name\":\"MalFix Cars, Rent a Car Banja Luka\",\"url\":\"https:\\\/\\\/malfix-cars.com\\\/de\\\/\",\"logo\":{\"@type\":\"ImageObject\",\"inLanguage\":\"de\",\"@id\":\"https:\\\/\\\/malfix-cars.com\\\/de\\\/#\\\/schema\\\/logo\\\/image\\\/\",\"url\":\"https:\\\/\\\/malfix-cars.com\\\/wp-content\\\/uploads\\\/2023\\\/12\\\/MalfixCars_Logo_FullColor.png\",\"contentUrl\":\"https:\\\/\\\/malfix-cars.com\\\/wp-content\\\/uploads\\\/2023\\\/12\\\/MalfixCars_Logo_FullColor.png\",\"width\":1080,\"height\":512,\"caption\":\"MalFix Cars, Rent a Car Banja Luka\"},\"image\":{\"@id\":\"https:\\\/\\\/malfix-cars.com\\\/de\\\/#\\\/schema\\\/logo\\\/image\\\/\"}}]}<\/script>\n<!-- \/ Yoast SEO plugin. -->","yoast_head_json":{"title":"\u00dcber Uns - MalFix Cars, Rent a Car Banja Luka","robots":{"index":"index","follow":"follow","max-snippet":"max-snippet:-1","max-image-preview":"max-image-preview:large","max-video-preview":"max-video-preview:-1"},"canonical":"https:\/\/malfix-cars.com\/de\/o-nama\/","og_locale":"de_DE","og_type":"article","og_title":"\u00dcber Uns - MalFix Cars, Rent a Car Banja Luka","og_description":"[vc_row css=&#8221;.vc_custom_1572431318432{margin-right: 0px !important;margin-left: 0px !important;}&#8221;][vc_column width=&#8221;1\/2&#8243; css=&#8221;.vc_custom_1572428413505{padding-right: 12px !important;padding-left: 12px !important;}&#8221;][vc_single_image image=&#8221;490&#8243; img_size=&#8221;full&#8221;][vc_column_text] Telefon: +387 66 308 008 Adresse: Kralja Nikole 12, 78000 Banja Luka Usere Arbeitszeiten: Montag &#8211; Sonntag 08-23h Sie k\u00f6nnen uns auch per E-Mail kontaktieren: info@malfix-cars.com Bestm\u00f6gliche Bedingungen f\u00fcr die Anmietung eines Autos in Banja Luka. Gro\u00dfe Auswahl an Pkw f\u00fcr...","og_url":"https:\/\/malfix-cars.com\/de\/o-nama\/","og_site_name":"MalFix Cars, Rent a Car Banja Luka","article_modified_time":"2025-05-08T08:01:46+00:00","twitter_card":"summary_large_image","twitter_misc":{"Gesch\u00e4tzte Lesezeit":"2\u00a0Minuten"},"schema":{"@context":"https:\/\/schema.org","@graph":[{"@type":"WebPage","@id":"https:\/\/malfix-cars.com\/de\/o-nama\/","url":"https:\/\/malfix-cars.com\/de\/o-nama\/","name":"\u00dcber Uns - MalFix Cars, Rent a Car Banja Luka","isPartOf":{"@id":"https:\/\/malfix-cars.com\/de\/#website"},"datePublished":"2019-10-30T04:15:49+00:00","dateModified":"2025-05-08T08:01:46+00:00","breadcrumb":{"@id":"https:\/\/malfix-cars.com\/de\/o-nama\/#breadcrumb"},"inLanguage":"de","potentialAction":[{"@type":"ReadAction","target":[["https:\/\/malfix-cars.com\/de\/o-nama\/"]]}]},{"@type":"BreadcrumbList","@id":"https:\/\/malfix-cars.com\/de\/o-nama\/#breadcrumb","itemListElement":[{"@type":"ListItem","position":1,"name":"Home","item":"https:\/\/malfix-cars.com\/de\/"},{"@type":"ListItem","position":2,"name":"O Nama"}]},{"@type":"WebSite","@id":"https:\/\/malfix-cars.com\/de\/#website","url":"https:\/\/malfix-cars.com\/de\/","name":"MalFix Cars, Rent a Car Banja Luka","description":"","publisher":{"@id":"https:\/\/malfix-cars.com\/de\/#organization"},"potentialAction":[{"@type":"SearchAction","target":{"@type":"EntryPoint","urlTemplate":"https:\/\/malfix-cars.com\/de\/?s={search_term_string}"},"query-input":{"@type":"PropertyValueSpecification","valueRequired":true,"valueName":"search_term_string"}}],"inLanguage":"de"},{"@type":"Organization","@id":"https:\/\/malfix-cars.com\/de\/#organization","name":"MalFix Cars, Rent a Car Banja Luka","url":"https:\/\/malfix-cars.com\/de\/","logo":{"@type":"ImageObject","inLanguage":"de","@id":"https:\/\/malfix-cars.com\/de\/#\/schema\/logo\/image\/","url":"https:\/\/malfix-cars.com\/wp-content\/uploads\/2023\/12\/MalfixCars_Logo_FullColor.png","contentUrl":"https:\/\/malfix-cars.com\/wp-content\/uploads\/2023\/12\/MalfixCars_Logo_FullColor.png","width":1080,"height":512,"caption":"MalFix Cars, Rent a Car Banja Luka"},"image":{"@id":"https:\/\/malfix-cars.com\/de\/#\/schema\/logo\/image\/"}}]}},"_links":{"self":[{"href":"https:\/\/malfix-cars.com\/de\/wp-json\/wp\/v2\/pages\/195","targetHints":{"allow":["GET"]}}],"collection":[{"href":"https:\/\/malfix-cars.com\/de\/wp-json\/wp\/v2\/pages"}],"about":[{"href":"https:\/\/malfix-cars.com\/de\/wp-json\/wp\/v2\/types\/page"}],"author":[{"embeddable":true,"href":"https:\/\/malfix-cars.com\/de\/wp-json\/wp\/v2\/users\/1"}],"replies":[{"embeddable":true,"href":"https:\/\/malfix-cars.com\/de\/wp-json\/wp\/v2\/comments?post=195"}],"version-history":[{"count":6,"href":"https:\/\/malfix-cars.com\/de\/wp-json\/wp\/v2\/pages\/195\/revisions"}],"predecessor-version":[{"id":997,"href":"https:\/\/malfix-cars.com\/de\/wp-json\/wp\/v2\/pages\/195\/revisions\/997"}],"wp:attachment":[{"href":"https:\/\/malfix-cars.com\/de\/wp-json\/wp\/v2\/media?parent=195"}],"curies":[{"name":"wp","href":"https:\/\/api.w.org\/{rel}","templated":true}]}}